{"id":2,"date":"2015-04-09T15:39:12","date_gmt":"2015-04-09T15:39:12","guid":{"rendered":"http:\/\/generacionkindle.com\/?page_id=2"},"modified":"2015-04-09T16:25:53","modified_gmt":"2015-04-09T16:25:53","slug":"pagina-ejemplo","status":"publish","type":"page","link":"https:\/\/generacionkindle.com\/?page_id=2","title":{"rendered":"Generaci\u00f3n Kindle"},"content":{"rendered":"<p>Esto es una p\u00e1gina de ejemplo. Es diferente a una entrada porque permanece fija en un lugar y se mostrar\u00e1 en la navegaci\u00f3n de tu sitio (en la mayor\u00eda de los temas). La mayor\u00eda de la gente empieza con una p\u00e1gina de Acerca de, que les presenta a los potenciales visitantes del sitio. Podr\u00eda ser algo como esto::<\/p>\n<blockquote><p>\u00a1Hola! Soy mensajero por el d\u00eda, aspirante a actor por la noche, y este es mi blog. Vivo en Madrid, tengo un perrazo llamado Duque y me gustan las pi\u00f1as coladas (y que me pille un chaparr\u00f3n)<\/p><\/blockquote>\n<p>&#8230;o algo as\u00ed:<\/p>\n<blockquote><p>La empresa XYZ se fund\u00f3 en 1971 y ha estado ofreciendo \u00abcosas\u00bb de calidad al p\u00fablico desde entonces. Situada en Madrid, XYZ emplea a m\u00e1s de 2.000 personas y hace todo tipo de cosas sorprendentes para la comunidad de Madrid.<\/p><\/blockquote>\n<p>Si eres nuevo en WordPress deber\u00edas ir a <a href=\"https:\/\/generacionkindle.com\/wp-admin\/\">tu escritorio<\/a> para borrar esta p\u00e1ginay crear p\u00e1ginas nuevas con tu propio contenido. \u00a1P\u00e1salo bien!<\/p>\n","protected":false},"excerpt":{"rendered":"<p>Esto es una p\u00e1gina de ejemplo. Es diferente a una entrada porque permanece fija en un lugar y se mostrar\u00e1 en la navegaci\u00f3n de tu sitio (en la mayor\u00eda de los temas). La mayor\u00eda de la gente empieza con una p\u00e1gina de Acerca de, que les presenta a los potenciales visitantes del sitio. Podr\u00eda ser [&hellip;]<\/p>\n","protected":false},"author":1,"featured_media":0,"parent":0,"menu_order":0,"comment_status":"open","ping_status":"open","template":"","meta":{"footnotes":""},"_links":{"self":[{"href":"https:\/\/generacionkindle.com\/index.php?rest_route=\/wp\/v2\/pages\/2"}],"collection":[{"href":"https:\/\/generacionkindle.com\/index.php?rest_route=\/wp\/v2\/pages"}],"about":[{"href":"https:\/\/generacionkindle.com\/index.php?rest_route=\/wp\/v2\/types\/page"}],"author":[{"embeddable":true,"href":"https:\/\/generacionkindle.com\/index.php?rest_route=\/wp\/v2\/users\/1"}],"replies":[{"embeddable":true,"href":"https:\/\/generacionkindle.com\/index.php?rest_route=%2Fwp%2Fv2%2Fcomments&post=2"}],"version-history":[{"count":1,"href":"https:\/\/generacionkindle.com\/index.php?rest_route=\/wp\/v2\/pages\/2\/revisions"}],"predecessor-version":[{"id":399,"href":"https:\/\/generacionkindle.com\/index.php?rest_route=\/wp\/v2\/pages\/2\/revisions\/399"}],"wp:attachment":[{"href":"https:\/\/generacionkindle.com\/index.php?rest_route=%2Fwp%2Fv2%2Fmedia&parent=2"}],"curies":[{"name":"wp","href":"https:\/\/api.w.org\/{rel}","templated":true}]}}